{"id":972,"date":"2025-07-07T11:45:15","date_gmt":"2025-07-07T11:45:15","guid":{"rendered":"https:\/\/www.vitaspicy.com\/francais\/?page_id=972"},"modified":"2025-07-07T11:45:15","modified_gmt":"2025-07-07T11:45:15","slug":"a-propos","status":"publish","type":"page","link":"https:\/\/vitaspicy.com\/francais\/a-propos\/","title":{"rendered":"\u00c0 propos"},"content":{"rendered":"\n<p><\/p>\n\n\n\n<p>VitaSpicy, c\u2019est le nouveau m\u00e9dia qui t\u2019apprend tout ce que l\u2019universit\u00e9 a oubli\u00e9 : les vraies comp\u00e9tences de la vie. Pas de blabla th\u00e9orique, pas de morale, mais des outils concrets pour r\u00e9ussir ta vie perso, pro, sociale, financi\u00e8re, sentimentale\u2026 avec style et audace \ud83d\udca5.<\/p>\n\n\n\n<p>Plus qu\u2019un simple site, <strong>VitaSpicy est une plateforme pleine d\u2019espoir<\/strong>, de joie, de bon sens et de bons plans \ud83c\udf81. On y parle relations, libert\u00e9, cash, sant\u00e9, s\u00e9duction, spiritualit\u00e9\u2026 le tout avec humour, \u00e9nergie, et un ton piquant \ud83c\udf36\ufe0f.<\/p>\n\n\n\n<p>\ud83d\udc49 C\u2019est fun, intelligent, inspirant, et \u00e7a te donne envie d\u2019aller plus loin chaque jour.<\/p>\n\n\n\n<p><\/p>\n\n\n\n<h1 class=\"wp-block-heading\"><strong>VitaSpicy : tout ce que l\u2019uni ne t\u2019a jamais appris \ud83c\udf93\ud83d\udd25<\/strong><\/h1>\n\n\n\n<p><\/p>\n\n\n\n<p>Tu sais ce que l\u2019universit\u00e9 fait tr\u00e8s bien ? \ud83c\udfdb\ufe0f<br>T\u2019enseigner des trucs complexes \ud83e\udde0, avec des mots compliqu\u00e9s \ud83d\udcda, dans des amphis froids \ud83e\uddca o\u00f9 personne ne s\u2019adresse \u00e0 toi directement \ud83d\ude44.<\/p>\n\n\n\n<p>Tu sais ce qu\u2019elle fait beaucoup moins bien ? \ud83d\ude2c<br>T\u2019apprendre \u00e0 <strong>g\u00e9rer ta vie<\/strong> \ud83d\udca5. Genre, vraiment. \ud83d\udcaf<\/p>\n\n\n\n<p>Parce qu\u2019il n\u2019y a pas de cours &#8220;Comment draguer la fille la plus styl\u00e9e de l\u2019amphi&#8221; \ud83d\ude0d\ud83c\udfaf.<br>Pas de module &#8220;S\u00e9duire sans devenir lourd&#8221; \ud83d\ude05\ud83d\udca1.<br>Pas de TD sur &#8220;Comment arr\u00eater de gal\u00e9rer avec ton compte en banque&#8221; \ud83d\udcb8\ud83d\udcc9.<br>Pas de cr\u00e9dit ECTS pour &#8220;Savoir investir m\u00eame avec 10 balles&#8221; \ud83d\udcb0\ud83d\udcc8.<br>Et certainement pas de s\u00e9minaire intitul\u00e9 &#8220;Vie sociale, amour, spiritualit\u00e9 et libert\u00e9 financi\u00e8re \u2013 mode d\u2019emploi&#8221; \ud83d\udc91\ud83e\uddd8\u200d\u2642\ufe0f\ud83c\udf0d.<\/p>\n\n\n\n<p>Et c\u2019est l\u00e0 que <strong>VitaSpicy<\/strong> d\u00e9barque \ud83d\ude80.<br>Pas en prof de philo barbant \ud83e\udd13, mais en <strong>coach d\u00e9jant\u00e9 \ud83c\udfa4, bienveillant \ud83d\udc9b, piquant \ud83c\udf36\ufe0f et sans filtre \ud83e\udde8<\/strong>.<\/p>\n\n\n\n<hr class=\"wp-block-separator has-alpha-channel-opacity\"\/>\n\n\n\n<h2 class=\"wp-block-heading\">Le concept ? \ud83d\udca1<\/h2>\n\n\n\n<p><strong>VitaSpicy<\/strong>, c\u2019est <strong>la plateforme digitale \ud83d\udcbb\ud83d\udcf1<\/strong> pour toutes les comp\u00e9tences qui font vraiment la diff\u00e9rence \ud83d\udcaa\u2026 mais que personne ne t\u2019apprend \u00e0 l\u2019\u00e9cole \ud83d\ude45\u200d\u2642\ufe0f.<\/p>\n\n\n\n<p>C\u2019est un <strong>m\u00e9dia nouveau \ud83d\uddde\ufe0f<\/strong>, un <strong>univers vivant \ud83c\udf10<\/strong>, un <strong>laboratoire d\u2019id\u00e9es \ud83d\udcad<\/strong>, un <strong>espace de fun \ud83c\udf89<\/strong> et de savoir \ud83d\udcd6.<br>Un endroit o\u00f9 tu peux \u00e0 la fois <strong>rigoler \ud83d\ude02, r\u00e9fl\u00e9chir \ud83e\udd14, te former \ud83c\udf93, \u00e9voluer \ud83c\udf31, et r\u00eaver plus grand \ud83c\udf08<\/strong>.<\/p>\n\n\n\n<p>On y parle de quoi ? \ud83e\udd14<br>De <strong>relation \ud83d\udc95, de s\u00e9duction \ud83d\ude18, d\u2019amour \ud83d\udc98, de cash \ud83d\udcb6, de libert\u00e9 \ud83d\udd4a\ufe0f, de sant\u00e9 \ud83e\udd66, de d\u00e9veloppement personnel \ud83d\ude80<\/strong>,<br>d\u2019astuces de la vraie vie \ud83e\udde9, de hacking social \ud83d\udd75\ufe0f\u200d\u2642\ufe0f, de voyages \u2708\ufe0f, de cocktails \ud83c\udf79, d&#8217;influenceurs \ud83c\udfa5, de clashs \ud83d\udca5, de r\u00e9ussite \ud83c\udfc6\u2026<br>Bref, <strong>de ta vie \ud83e\udef5<\/strong>, mais en version <strong>plus styl\u00e9e \ud83d\udc83, plus audacieuse \ud83e\uddd7, plus assum\u00e9e \ud83d\ude0e<\/strong>.<\/p>\n\n\n\n<hr class=\"wp-block-separator has-alpha-channel-opacity\"\/>\n\n\n\n<h2 class=\"wp-block-heading\">Riche, c\u00e9l\u00e8bre, insolite\u2026 et surtout : libre \ud83d\udcb8\ud83c\udf1f\ud83e\udd2f<\/h2>\n\n\n\n<p>\u00c0 l\u2019origine, <strong>VitaSpicy<\/strong> s\u2019appelait <strong>&#8220;Riche, C\u00e9l\u00e8bre, Insolite&#8221;<\/strong> \ud83d\udcb0\ud83c\udfa4\ud83e\udde0.<br>L\u2019id\u00e9e ? D\u00e9cortiquer le parcours des personnalit\u00e9s les plus atypiques \ud83e\uddec, les plus clivantes \u2694\ufe0f, les plus intrigantes \ud83e\udde9.<\/p>\n\n\n\n<p>Mais tr\u00e8s vite, on a compris un truc \ud83d\udca1 :<br><strong>Ce n\u2019est pas les stars \ud83c\udf1f qui nous int\u00e9ressent. C\u2019est comment leur histoire \ud83d\udcd6 peut t\u2019aider \u00e0 \u00e9crire la tienne \u270d\ufe0f.<\/strong><\/p>\n\n\n\n<p>Alors on a \u00e9largi le concept \ud83d\udd0d.<br>On a gard\u00e9 le sel \ud83e\uddc2, le piquant \ud83c\udf36\ufe0f, l\u2019\u00e9tonnement \ud83d\ude32.<br>Mais on a ajout\u00e9 ce qu\u2019il manquait \u00e0 ta vie \ud83c\udf31 :<br><strong>Des outils \ud83d\udee0\ufe0f, des d\u00e9clics \ud83d\udca5, des formations \ud83c\udf93, des r\u00e9v\u00e9lations \u26a1.<\/strong><\/p>\n\n\n\n<hr class=\"wp-block-separator has-alpha-channel-opacity\"\/>\n\n\n\n<h2 class=\"wp-block-heading\">Ici, on parle vrai \ud83c\udfa4. Et on n\u2019endort personne \ud83d\ude34\u274c.<\/h2>\n\n\n\n<p>Chaque article est une claque \ud83d\udc4b.<br>Chaque vid\u00e9o est un appel \u00e0 l\u2019action \ud83d\udce2.<br>Chaque chanson est un booster d\u2019\u00e9nergie \ud83c\udfb6\u26a1.<br>Chaque formation est une brique de plus \ud83e\uddf1 pour construire ta libert\u00e9 \ud83d\uddfd.<\/p>\n\n\n\n<p>Tu veux te d\u00e9passer ? \ud83c\udfcb\ufe0f<br>Tu veux comprendre les m\u00e9caniques sociales \ud83d\udc65, psychologiques \ud83e\udde0, \u00e9conomiques \ud83d\udcb5 qui dirigent le monde \ud83c\udf0d (et ta vie) ?<br>Tu veux sortir de la matrice \ud83e\uddee, mais sans devenir un gourou \ud83d\udd2e ou un ermite crypto-mystique \ud83c\udf0c ?<\/p>\n\n\n\n<p>Alors bienvenue \ud83d\udc4b.<\/p>\n\n\n\n<hr class=\"wp-block-separator has-alpha-channel-opacity\"\/>\n\n\n\n<h2 class=\"wp-block-heading\">Ce que tu trouveras sur VitaSpicy (attention, c\u2019est chaud \ud83d\udd25) :<\/h2>\n\n\n\n<ul class=\"wp-block-list\">\n<li><strong>Des articles gratuits \ud83c\udd93<\/strong> \u00e0 lire n\u2019importe o\u00f9 \ud83d\udcf1, n\u2019importe quand \u23f0, qui te changent la vision d\u2019un sujet en 5 minutes \u23f3.<\/li>\n\n\n\n<li><strong>Des formations gratuites \ud83c\udf81<\/strong> qui vont plus loin \ud83d\udee3\ufe0f, avec des vrais outils concrets \ud83e\uddf0 \u00e0 appliquer.<\/li>\n\n\n\n<li><strong>Des contenus premium \ud83d\udc8e<\/strong> (petits prix \ud83d\udcb5, grande valeur \ud83d\udca1) pour ceux qui veulent acc\u00e9l\u00e9rer \ud83d\ude80.<\/li>\n\n\n\n<li><strong>Des chansons \ud83c\udfa7<\/strong>, parce qu\u2019on peut aussi apprendre en s\u2019amusant \ud83c\udf89.<\/li>\n\n\n\n<li><strong>Des vid\u00e9os \ud83c\udfa5<\/strong>, des documentaires \ud83d\udcfd\ufe0f, des interviews \ud83c\udf99\ufe0f, des analyses \ud83d\udd0d, des clashs \ud83e\udd4a, des best-of \ud83c\udfc5, des bons plans \ud83d\udecd\ufe0f.<\/li>\n\n\n\n<li>Et surtout : <strong>des id\u00e9es \u00e0 la pelle \ud83e\udde0\ud83e\ude93<\/strong>, qui vont te booster comme une tequila \u00e0 6h du mat \u00e0 Ibiza \ud83c\udf05\ud83c\udf78\ud83d\udc83.<\/li>\n<\/ul>\n\n\n\n<hr class=\"wp-block-separator has-alpha-channel-opacity\"\/>\n\n\n\n<h2 class=\"wp-block-heading\">Tu veux des exemples ? Voici ce qu\u2019on t\u2019apprend ici (mais nulle part ailleurs \ud83e\udd2b) :<\/h2>\n\n\n\n<ul class=\"wp-block-list\">\n<li>Comment <strong>cr\u00e9er une vie sentimentale choisie \ud83d\udc9e<\/strong>, et pas subie \ud83d\ude14.<\/li>\n\n\n\n<li>Comment <strong>devenir un vrai strat\u00e8ge social \ud83e\udde0\ud83c\udfaf<\/strong>, sans manipulation \ud83d\uded1.<\/li>\n\n\n\n<li>Comment <strong>lancer ton projet en ligne \ud83d\udcbb<\/strong>, m\u00eame sans r\u00e9seau \ud83d\udcf5, sans budget \ud83d\udcb8, sans dipl\u00f4me \ud83c\udf93.<\/li>\n\n\n\n<li>Comment <strong>r\u00e9cup\u00e9rer du pouvoir \ud83e\uddbe<\/strong> sur ton emploi du temps \ud83d\udd52, ton corps \ud83e\uddd8, ton argent \ud83d\udcb5, ton avenir \ud83d\udd2e.<\/li>\n\n\n\n<li>Comment <strong>analyser une personnalit\u00e9 publique \ud83e\uddd1\u200d\ud83c\udfa4<\/strong> et en tirer des le\u00e7ons concr\u00e8tes \ud83d\udcd8, pas juste du divertissement \ud83c\udf7f.<\/li>\n\n\n\n<li>Comment <strong>vivre plus intens\u00e9ment \ud83d\udca5<\/strong>, plus librement \ud83d\udd4a\ufe0f, plus consciemment \ud83e\uddd8\u200d\u2640\ufe0f.<\/li>\n<\/ul>\n\n\n\n<hr class=\"wp-block-separator has-alpha-channel-opacity\"\/>\n\n\n\n<h2 class=\"wp-block-heading\">On t&#8217;offre des outils \ud83e\uddf0. Pas des le\u00e7ons barbantes \ud83e\udd71.<\/h2>\n\n\n\n<p>Pas de blabla creux \ud83e\udee5.<br>Pas de morale \ud83d\ude44.<br>Pas de th\u00e9orie fumeuse \ud83d\udca8.<br>Ici, tu prends ce qui t\u2019aide \ud83e\uddf2, tu zappes le reste \u23ed\ufe0f, tu \u00e9volues \u00e0 ton rythme \ud83d\udc22\ud83d\udca8.<br><strong>Tu construis ta propre version de la r\u00e9ussite \ud83c\udfd7\ufe0f\ud83c\udfc6.<\/strong><\/p>\n\n\n\n<hr class=\"wp-block-separator has-alpha-channel-opacity\"\/>\n\n\n\n<h2 class=\"wp-block-heading\">Et tout \u00e7a, avec le style VitaSpicy \ud83c\udf36\ufe0f :<\/h2>\n\n\n\n<ul class=\"wp-block-list\">\n<li>Un ton direct \ud83c\udfaf.<\/li>\n\n\n\n<li>De l\u2019humour \ud83d\ude02 (parfois noir \ud83d\udda4, souvent piquant \ud83c\udf36\ufe0f).<\/li>\n\n\n\n<li>Des punchlines que tu retiens \ud83e\udde0.<\/li>\n\n\n\n<li>Des id\u00e9es que tu n\u2019oublies pas \ud83d\udccc.<\/li>\n<\/ul>\n\n\n\n<hr class=\"wp-block-separator has-alpha-channel-opacity\"\/>\n\n\n\n<p><strong>Tu ne trouveras pas \u00e7a sur ton fil LinkedIn \ud83d\udcc9.<\/strong><br><strong>Ni dans ton cours de marketing \ud83d\udc68\u200d\ud83c\udfeb.<\/strong><br><strong>Ni dans un manuel acad\u00e9mique \ud83d\udcda.<\/strong><\/p>\n\n\n\n<p>Tu le trouveras <strong>ici \ud83e\udded<\/strong>.<br>Parce qu\u2019ici, c\u2019est <strong>la vraie vie \ud83d\udcac<\/strong>.<\/p>\n\n\n\n<hr class=\"wp-block-separator has-alpha-channel-opacity\"\/>\n\n\n\n<h1 class=\"wp-block-heading\">VitaSpicy, l\u2019uni de la vraie vie \u2757\ud83c\udf93\ud83c\udf36\ufe0f<\/h1>\n","protected":false},"excerpt":{"rendered":"<p>VitaSpicy, c\u2019est le nouveau m\u00e9dia qui t\u2019apprend tout ce que l\u2019universit\u00e9 a oubli\u00e9 : les vraies comp\u00e9tences de la vie. Pas de blabla th\u00e9orique, pas de morale, mais des outils concrets pour r\u00e9ussir ta vie perso, pro, sociale, financi\u00e8re, sentimentale\u2026 avec style et audace \ud83d\udca5. Plus qu\u2019un simple site, VitaSpicy est une plateforme pleine d\u2019espoir, &hellip; <\/p>\n<p><a class=\"more-link btn\" href=\"https:\/\/vitaspicy.com\/francais\/a-propos\/\">Continue reading<\/a><\/p>\n","protected":false},"author":1,"featured_media":0,"parent":0,"menu_order":0,"comment_status":"closed","ping_status":"closed","template":"","meta":{"pagelayer_contact_templates":[],"_pagelayer_content":"","footnotes":""},"class_list":["post-972","page","type-page","status-publish","hentry","nodate","item-wrap"],"_links":{"self":[{"href":"https:\/\/vitaspicy.com\/francais\/wp-json\/wp\/v2\/pages\/972","targetHints":{"allow":["GET"]}}],"collection":[{"href":"https:\/\/vitaspicy.com\/francais\/wp-json\/wp\/v2\/pages"}],"about":[{"href":"https:\/\/vitaspicy.com\/francais\/wp-json\/wp\/v2\/types\/page"}],"author":[{"embeddable":true,"href":"https:\/\/vitaspicy.com\/francais\/wp-json\/wp\/v2\/users\/1"}],"replies":[{"embeddable":true,"href":"https:\/\/vitaspicy.com\/francais\/wp-json\/wp\/v2\/comments?post=972"}],"version-history":[{"count":0,"href":"https:\/\/vitaspicy.com\/francais\/wp-json\/wp\/v2\/pages\/972\/revisions"}],"wp:attachment":[{"href":"https:\/\/vitaspicy.com\/francais\/wp-json\/wp\/v2\/media?parent=972"}],"curies":[{"name":"wp","href":"https:\/\/api.w.org\/{rel}","templated":true}]}}