{"id":886,"date":"2023-10-16T03:15:02","date_gmt":"2023-10-16T03:15:02","guid":{"rendered":"https:\/\/fr.hopeuni.com\/?page_id=272"},"modified":"2023-10-16T03:15:02","modified_gmt":"2023-10-16T03:15:02","slug":"liste-de-toutes-les-formations-et-cours","status":"publish","type":"page","link":"https:\/\/vitaspicy.com\/francais\/liste-de-toutes-les-formations-et-cours\/","title":{"rendered":"Liste de toutes les formations et cours"},"content":{"rendered":"\n<p><\/p>\n\n\n\n<p><\/p>\n\n\n\n<p><\/p>\n\n\n\n<h2 class=\"wp-block-heading\"><span style=\"text-decoration: underline;\">Actuellement disponible :<\/span> <br><br>108 cours d&#8217;infoprenariat, de marketing, de business en ligne, de vente, de copywriting sont disponibles.<\/h2>\n\n\n\n<p><\/p>\n\n\n\n<h2 class=\"wp-block-heading has-text-align-center\">Voir le catalogue complet sur <a href=\"https:\/\/masterskillflix.gumroad.com\/\">https:\/\/masterskillflix.gumroad.com\/<\/a><\/h2>\n\n\n\n<p><\/p>\n\n\n<ul class=\"wp-block-latest-posts__list .some-container-class .VPBlockLatestPostPostTitle {     font-size: 24px !important;     font-weight: bold !important;     text-decoration: underline !important; } a.VPBlockLatestPostPostTitle:not(.some-other-class) {     font-size: 24px !important;     font-weight: bold !important;     text-decoration: underline !important; } wp-block-latest-posts has-text-color has-black-color has-background has-white-background-color has-regular-font-size\"><li><a class=\"wp-block-latest-posts__post-title\" href=\"https:\/\/vitaspicy.com\/francais\/242-la-disparition-de-la-couleur-pourquoi-tout-est-devenu-gris-noir-blanc-et-beige-lanalyse-et-la-reponse-de-vitaspicy\/\">242. La disparition de la couleur : \ud83c\udf08 pourquoi tout est devenu gris, noir, blanc et beige ?! \ud83d\ude97\ud83c\udfe0\ud83d\udc54 &#8212; l&#8217;analyse et la r\u00e9ponse de VitaSpicy \ud83c\udf36\ufe0f\ud83d\udd25\u2600\ufe0f\ud83d\udd76\ufe0f<\/a><div class=\"wp-block-latest-posts__post-excerpt\">Observez autour de vous \ud83d\udc40 : Scrutez les int\u00e9rieurs de vos potes \ud83d\udecb\ufe0f, leurs salons \ud83c\udfe0, leurs fringues \ud83d\udc55\ud83d\udc57, leurs bagnoles \ud83d\ude98. Vous verrez un festival\u2014ou plut\u00f4t une parade\u2014de teintes tr\u00e8s sobres, tr\u00e8s mod\u00e9r\u00e9es, tr\u00e8s\u2026 corporate \ud83d\udd74\ufe0f. Des voitures grises, noires ou blanches \u26ab\u26aa\ud83c\udf2b\ufe0f. Rarement rouge \ud83d\udd34, jaune \ud83d\udc9b, verte \ud83d\udc9a ou violette \ud83d\udc9c. Et honn\u00eatement, on peut dire qu\u2019on nage en plein monde post-apocalyptique monochrome \ud83e\udddf\u200d\u2642\ufe0f. Ce ph\u00e9nom\u00e8ne est flagrant \ud83d\udea8. En Europe \ud83c\uddea\ud83c\uddfa, parmi les nouvelles voitures vendues dans cinq march\u00e9s majeurs, 27,3 % sont grises \ud83c\udf2b\ufe0f, &hellip; <\/p><p><a class=\"more-link btn\" href=\"https:\/\/vitaspicy.com\/francais\/242-la-disparition-de-la-couleur-pourquoi-tout-est-devenu-gris-noir-blanc-et-beige-lanalyse-et-la-reponse-de-vitaspicy\/\">Continue reading<\/a><\/div><\/li>\n<\/ul>\n\n\n<h2 class=\"wp-block-heading has-text-align-center\"><\/h2>\n\n\n<ul class=\"wp-block-latest-posts__list wp-block-latest-posts\"><li><a class=\"wp-block-latest-posts__post-title\" href=\"https:\/\/vitaspicy.com\/francais\/246-10-raisons-de-ne-pas-se-lever-a-5h-du-matin-et-denvoyer-balader-la-miracle-morning-routine-%f0%9f%8c%99%f0%9f%92%a4spoiler-mark-zuckerberg-dormait-encore-quand-les\/\">246. 10 raisons de NE PAS se lever \u00e0 5h du matin (et d\u2019envoyer balader la \u201cMiracle Morning Routine\u201d) \ud83c\udf19\ud83d\udca4(Spoiler : Mark Zuckerberg dormait encore quand les \u201cwinners\u201d faisaient leur yoga du matin) \ud83d\ude0e<\/a><div class=\"wp-block-latest-posts__post-excerpt\">\ud83c\udf05 1. Mark Zuckerberg, le boss des couche-tard \ud83d\udcbb\ud83c\udf55\ud83c\udf89 Oui, tu as bien lu : le fondateur de Facebook, l\u2019un des mecs les plus riches du monde, se levait \u00e0 14h.\ud83d\udd51 14h, pas 5h.Il codait de 15h \u00e0 22h, puis il faisait la f\u00eate jusqu\u2019\u00e0 4h du mat.R\u00e9sultat ? Il a quand m\u00eame cr\u00e9\u00e9 un empire num\u00e9rique. \ud83d\udc49 Moralit\u00e9 : tu peux dormir tard, te lever tard, et quand m\u00eame r\u00e9volutionner le monde (tant que tu ne passes pas tes nuits sur Candy Crush). Pendant que certains font leur \u201cvisualisation &hellip; <\/p><p><a class=\"more-link btn\" href=\"https:\/\/vitaspicy.com\/francais\/246-10-raisons-de-ne-pas-se-lever-a-5h-du-matin-et-denvoyer-balader-la-miracle-morning-routine-%f0%9f%8c%99%f0%9f%92%a4spoiler-mark-zuckerberg-dormait-encore-quand-les\/\">Continue reading<\/a><\/div><\/li>\n<\/ul>\n\n\n<h2 class=\"wp-block-heading\"><\/h2>\n\n\n\n<p><\/p>\n\n\n\n<h2 class=\"wp-block-heading has-text-align-center\">Voir le catalogue complet sur <a href=\"https:\/\/masterskillflix.gumroad.com\/\">https:\/\/masterskillflix.gumroad.com\/<\/a><\/h2>\n","protected":false},"excerpt":{"rendered":"<p>Actuellement disponible : 108 cours d&#8217;infoprenariat, de marketing, de business en ligne, de vente, de copywriting sont disponibles. Voir le catalogue complet sur https:\/\/masterskillflix.gumroad.com\/ Voir le catalogue complet sur https:\/\/masterskillflix.gumroad.com\/<\/p>\n","protected":false},"author":1,"featured_media":0,"parent":0,"menu_order":0,"comment_status":"closed","ping_status":"closed","template":"","meta":{"pagelayer_contact_templates":[],"_pagelayer_content":"","footnotes":""},"class_list":["post-886","page","type-page","status-publish","hentry","nodate","item-wrap"],"_links":{"self":[{"href":"https:\/\/vitaspicy.com\/francais\/wp-json\/wp\/v2\/pages\/886","targetHints":{"allow":["GET"]}}],"collection":[{"href":"https:\/\/vitaspicy.com\/francais\/wp-json\/wp\/v2\/pages"}],"about":[{"href":"https:\/\/vitaspicy.com\/francais\/wp-json\/wp\/v2\/types\/page"}],"author":[{"embeddable":true,"href":"https:\/\/vitaspicy.com\/francais\/wp-json\/wp\/v2\/users\/1"}],"replies":[{"embeddable":true,"href":"https:\/\/vitaspicy.com\/francais\/wp-json\/wp\/v2\/comments?post=886"}],"version-history":[{"count":0,"href":"https:\/\/vitaspicy.com\/francais\/wp-json\/wp\/v2\/pages\/886\/revisions"}],"wp:attachment":[{"href":"https:\/\/vitaspicy.com\/francais\/wp-json\/wp\/v2\/media?parent=886"}],"curies":[{"name":"wp","href":"https:\/\/api.w.org\/{rel}","templated":true}]}}