{"id":883,"date":"2023-10-15T23:13:05","date_gmt":"2023-10-15T23:13:05","guid":{"rendered":"https:\/\/fr.hopeuni.com\/?page_id=83"},"modified":"2023-10-15T23:13:05","modified_gmt":"2023-10-15T23:13:05","slug":"challenge-it-et-is","status":"publish","type":"page","link":"https:\/\/vitaspicy.com\/francais\/challenge-it-et-is\/","title":{"rendered":"Challenge IT et IS"},"content":{"rendered":"\n<p><strong>Vaincre l&#8217;analphab\u00e9tisme 2.0<\/strong><\/p>\n\n\n\n<h3 class=\"wp-block-heading\"><strong><span style=\"text-decoration: underline;\">Nouveau :<\/span><\/strong> Apprendre l&#8217;ing\u00e9nierie informatique, la conception et le d\u00e9veloppement de logiciels en partant de z\u00e9ro &#8212; m\u00eame si vous \u00eates d\u00e9butant en informatique.<\/h3>\n\n\n\n<p><\/p>\n\n\n\n<p class=\"has-text-align-center\"><strong><em>&#8220;Avant, je n&#8217;avais pas du tout un profil technique&#8230; Paysagiste, j&#8217;avais peur des ordinateurs&#8230; maintenant, je peux \u00e9crire du code et cr\u00e9er des logiciels et des app!\u201d&nbsp; <\/em><\/strong><\/p>\n\n\n\n<h2 class=\"wp-block-heading\"><\/h2>\n\n\n\n<p><\/p>\n\n\n\n<p>Module d\u2019introduction<\/p>\n\n\n\n<p>Comment utiliser ce programme, updates et questions (r\u00e9ponse en coaching de groupe)<\/p>\n\n\n\n<p>Respect du droit d&#8217;auteur 1 &#8211; les bases importantes \u00e0 respecter (amendes, prison)<\/p>\n\n\n\n<p>Votre licence pour ce programme&nbsp;<\/p>\n\n\n\n<p>A template for your license for your future programs (customizable)<\/p>\n\n\n\n<p>Les bases du droit sur internet (UNIQUEMENT des conseils d&#8217;amis, je ne suis pas juriste !)<\/p>\n\n\n\n<p>Important : Les bases \u00e0 connaitre pour prot\u00e9ger son ordinateur<\/p>\n\n\n\n<p>Important : prot\u00e9gez vous des logiciels espions et des virus !<\/p>\n\n\n\n<p>Les bases de la s\u00e9curit\u00e9 sur votre ordinateur personnel<\/p>\n\n\n\n<p>Guide Anti Escroqueries&nbsp;<\/p>\n\n\n\n<p>Vol d&#8217;identit\u00e9 : comment se prot\u00e9ger et comment r\u00e9agir<\/p>\n\n\n\n<p>Creer les comptes gmail, facebook, etc<\/p>\n\n\n\n<p>Install Party<\/p>\n\n\n\n<p>Gagnez de l&#8217;argent l\u00e9galement gr\u00e2ce au programmes d&#8217;affiliation<\/p>\n\n\n\n<p>Cours d&#8217;introduction \u00e0 l&#8217;informatique &amp; G\u00e9n\u00e9ralit\u00e9s<\/p>\n\n\n\n<p>Histoire de l&#8217;informatique 1<\/p>\n\n\n\n<p>Histoire de l&#8217;informatique 2<\/p>\n\n\n\n<p>Apple rend l&#8217;informatique cool et individuel<\/p>\n\n\n\n<p>La miniaturisation, l&#8217;omnipr\u00e9sence et l&#8217;invisibilisation<\/p>\n\n\n\n<p>Le futur de folie qui nous attends<\/p>\n\n\n\n<p>Mat\u00e9riel &amp; Electronique<\/p>\n\n\n\n<p>Bases physiques &amp; G\u00e9n\u00e9ralit\u00e9s<\/p>\n\n\n\n<p>Bases \u00e9lectricit\u00e9 1<\/p>\n\n\n\n<p>Bases \u00e9lectricit\u00e9 2<\/p>\n\n\n\n<p>Bases d&#8217;\u00e9lectronique 1<\/p>\n\n\n\n<p>Bases d&#8217;\u00e9lectronique 2 Logique<\/p>\n\n\n\n<p>Alg\u00e8bre de Boole<\/p>\n\n\n\n<p>Transitors<\/p>\n\n\n\n<p>M\u00e9moires<\/p>\n\n\n\n<p>M\u00e9moires 2<\/p>\n\n\n\n<p>Les composants d&#8217;un ordinateur<\/p>\n\n\n\n<p>Les p\u00e9riph\u00e9riques<\/p>\n\n\n\n<p>Comment assembler un ordinateur<\/p>\n\n\n\n<p>Diff\u00e9rents types d&#8217;ordinateurs (supercalculateurs, informatique embarqu\u00e9e, etc)<\/p>\n\n\n\n<p>Systemes Informatiques 1<\/p>\n\n\n\n<p>Systemes Informatiques 2<\/p>\n\n\n\n<p>Systemes Informatiques 3<\/p>\n\n\n\n<p>Systemes Informatiques 4<\/p>\n\n\n\n<p>Systemes Informatiques 5<\/p>\n\n\n\n<p>Systemes Informatiques 6<\/p>\n\n\n\n<p>Systemes Informatiques 7<\/p>\n\n\n\n<p>Syst\u00e8mes d&#8217;exploitations<\/p>\n\n\n\n<p>Introduction<\/p>\n\n\n\n<p>Histoire des SE<\/p>\n\n\n\n<p>Bases des SE<\/p>\n\n\n\n<p>Fonctionnement des SE partie 1<\/p>\n\n\n\n<p>Fonctionnement des SE partie 2<\/p>\n\n\n\n<p>Fonctionnement des SE partie 3<\/p>\n\n\n\n<p>Fonctionnement des SE partie 4<\/p>\n\n\n\n<p>Fonctionnement des SE partie 5<\/p>\n\n\n\n<p>Informatique th\u00e9orique<\/p>\n\n\n\n<p>Math\u00e9matiques appliqu\u00e9es \u00e0 l&#8217;informatique&#8211; partie 1&nbsp; &#8212; G\u00e9n\u00e9ralit\u00e9s<\/p>\n\n\n\n<p>Math\u00e9matiques appliqu\u00e9es \u00e0 l&#8217;informatique&#8211; partie 2&nbsp; &#8212; Th\u00e9orie des nombres<\/p>\n\n\n\n<p>Math\u00e9matiques appliqu\u00e9es \u00e0 l&#8217;informatique&#8211; partie 3 &#8212; Alg\u00e8bre lin\u00e9aire basique<\/p>\n\n\n\n<p>Math\u00e9matiques appliqu\u00e9es \u00e0 l&#8217;informatique&#8211; partie 4 &#8212; Introduction \u00e0 l&#8217;analyse<\/p>\n\n\n\n<p>Math\u00e9matiques appliqu\u00e9es \u00e0 l&#8217;informatique&#8211; partie 5&nbsp; &#8212; d\u00e9riv\u00e9ees<\/p>\n\n\n\n<p>Math\u00e9matiques appliqu\u00e9es \u00e0 l&#8217;informatique&#8211; partie 6&nbsp; &#8212; Int\u00e9grales<\/p>\n\n\n\n<p>Math\u00e9matiques appliqu\u00e9es \u00e0 l&#8217;informatique&#8211; partie 7 &#8212; Alg\u00e8rbre de boole<\/p>\n\n\n\n<p>Math\u00e9matiques appliqu\u00e9es \u00e0 l&#8217;informatique&#8211; partie 8 &#8212; Tables de karnaud<\/p>\n\n\n\n<p>Math\u00e9matiques appliqu\u00e9es \u00e0 l&#8217;informatique &#8212; divers \u00e9l\u00e9ments importants<\/p>\n\n\n\n<p>Math\u00e9matiques appliqu\u00e9es \u00e0 l&#8217;informatique&#8211; partie &#8212; Alg\u00e8bre lin\u00e9aire suite<\/p>\n\n\n\n<p>Math\u00e9matiques appliqu\u00e9es \u00e0 l&#8217;informatique&#8211; partie &#8212; analyse suite<\/p>\n\n\n\n<p>Signaux et Syst\u00e8mes 1<\/p>\n\n\n\n<p>Signaux et Syst\u00e8mes 2<\/p>\n\n\n\n<p>Signaux et Syst\u00e8mes 3<\/p>\n\n\n\n<p>Signaux et Syst\u00e8mes 4<\/p>\n\n\n\n<p>Signaux et Syst\u00e8mes 5<\/p>\n\n\n\n<p>Signaux et Syst\u00e8mes 6<\/p>\n\n\n\n<p>Signaux et Syst\u00e8mes 7<\/p>\n\n\n\n<p>Signaux et Syst\u00e8mes 8<\/p>\n\n\n\n<p>Introduction to voIP Voice over IP<\/p>\n\n\n\n<p>Programmation, D\u00e9veloppement et G\u00e9nie Logiciel<\/p>\n\n\n\n<p>JAVA EE : De z\u00e9ro au niveau d\u00e9veloppeur<\/p>\n\n\n\n<p>Introduction<\/p>\n\n\n\n<p>Introduction \u00e0 JAVA<\/p>\n\n\n\n<p>Historique de JAVA<\/p>\n\n\n\n<p>Comparaison de JAVA et C++<\/p>\n\n\n\n<p>Bases de programmation en JAVA<\/p>\n\n\n\n<p>Introduction<\/p>\n\n\n\n<p>Objectifs<\/p>\n\n\n\n<p>Histoire<\/p>\n\n\n\n<p>Comparaison<\/p>\n\n\n\n<p>Les Bases<\/p>\n\n\n\n<p>Outils<\/p>\n\n\n\n<p>On commence<\/p>\n\n\n\n<p>Variables<\/p>\n\n\n\n<p>Types<\/p>\n\n\n\n<p>Clavier<\/p>\n\n\n\n<p>Conditions<\/p>\n\n\n\n<p>Boucles<\/p>\n\n\n\n<p>Tableaux<\/p>\n\n\n\n<p>M\u00e9thodes<\/p>\n\n\n\n<p>Classes et orient\u00e9 objet 1\/4<\/p>\n\n\n\n<p>Classes et orient\u00e9 objet 2\/4<\/p>\n\n\n\n<p>Classes et orient\u00e9 objet 3\/4<\/p>\n\n\n\n<p>Classes et orient\u00e9 objet 4\/4<\/p>\n\n\n\n<p>Les relations entre les classes<\/p>\n\n\n\n<p>Introduction aux relations compliqu\u00e9es<\/p>\n\n\n\n<p>L&#8217;H\u00e9ritage<\/p>\n\n\n\n<p>Le polymorphisme<\/p>\n\n\n\n<p>Transtypage<\/p>\n\n\n\n<p>G\u00e9n\u00e9ricit\u00e9&nbsp;<\/p>\n\n\n\n<p>Systeme de gestion des exceptions<\/p>\n\n\n\n<p>Abstraction et Interfa\u00e7age<\/p>\n\n\n\n<p>La R\u00e9flexion<\/p>\n\n\n\n<p>Instanciation dynamique<\/p>\n\n\n\n<p>Sp\u00e9cificit\u00e9s de JAVA<\/p>\n\n\n\n<p>Packages<\/p>\n\n\n\n<p>JAR<\/p>\n\n\n\n<p>Enumerations<\/p>\n\n\n\n<p>Collections<\/p>\n\n\n\n<p>Les listes<\/p>\n\n\n\n<p>Les Map<\/p>\n\n\n\n<p>Les Sets<\/p>\n\n\n\n<p>G\u00e9n\u00e9ricit\u00e9 et collections<\/p>\n\n\n\n<p>Entr\u00e9es sorties<\/p>\n\n\n\n<p>Premi\u00e8re introduction aux design pattern&nbsp;<\/p>\n\n\n\n<p>Le pattern decorator<\/p>\n\n\n\n<p>JDBC 160<\/p>\n\n\n\n<p>IHM Locale 1<\/p>\n\n\n\n<p>Le multi threading<\/p>\n\n\n\n<p>IHM locale 2<\/p>\n\n\n\n<p>Les arbres 1<\/p>\n\n\n\n<p>Les arbres 2<\/p>\n\n\n\n<p>Les tableaux et JTable<\/p>\n\n\n\n<p>MVC<\/p>\n\n\n\n<p>Drag &#8216;n drop<\/p>\n\n\n\n<p>Java et les bases de donn\u00e9es : module avanc\u00e9<\/p>\n\n\n\n<p>DAO<\/p>\n\n\n\n<p>JPA<\/p>\n\n\n\n<p>Design Patterns<\/p>\n\n\n\n<p>D\u00e9ploiement<\/p>\n\n\n\n<p>Industrialisation<\/p>\n\n\n\n<p>Front End et Presentation<\/p>\n\n\n\n<p>WEB<\/p>\n\n\n\n<p>J2EE<\/p>\n\n\n\n<p>Beans<\/p>\n\n\n\n<p>R\u00e9serve 1<\/p>\n\n\n\n<p>R\u00e9serve 2<\/p>\n\n\n\n<p>Pour aller plus loin 1<\/p>\n\n\n\n<p>pour aller plus loin 2<\/p>\n\n\n\n<p>C++ : De z\u00e9ro \u00e0 d\u00e9veloppeur<\/p>\n\n\n\n<p>Langage C partie 1<\/p>\n\n\n\n<p>Langage C partie 2<\/p>\n\n\n\n<p>Langage C partie 3<\/p>\n\n\n\n<p>Langage C partie 4<\/p>\n\n\n\n<p>Langage C partie 5<\/p>\n\n\n\n<p>Langage C partie 6<\/p>\n\n\n\n<p>Langage C partie 7<\/p>\n\n\n\n<p>Langage C partie 8<\/p>\n\n\n\n<p>Langage C partie 9<\/p>\n\n\n\n<p>Langage C partie 10<\/p>\n\n\n\n<p>Langage C partie 11<\/p>\n\n\n\n<p>Langage C partie 12<\/p>\n\n\n\n<p>Langage C partie 13<\/p>\n\n\n\n<p>Langage C partie 14<\/p>\n\n\n\n<p>C++&nbsp; partie 1<\/p>\n\n\n\n<p>C++&nbsp; partie 2<\/p>\n\n\n\n<p>C++&nbsp; partie 3<\/p>\n\n\n\n<p>C++&nbsp; partie 4<\/p>\n\n\n\n<p>C++&nbsp; partie 5<\/p>\n\n\n\n<p>C++&nbsp; partie 6<\/p>\n\n\n\n<p>C++&nbsp; partie 7<\/p>\n\n\n\n<p>C++&nbsp; partie 8<\/p>\n\n\n\n<p>C++&nbsp; partie 9<\/p>\n\n\n\n<p>C++&nbsp; partie 10<\/p>\n\n\n\n<p>C++&nbsp; partie 11<\/p>\n\n\n\n<p>C++&nbsp; partie 12<\/p>\n\n\n\n<p>C++&nbsp; partie 13<\/p>\n\n\n\n<p>C++&nbsp; partie 14<\/p>\n\n\n\n<p>Syst\u00e8mes d&#8217;informations<\/p>\n\n\n\n<p>Introduction aux SI<\/p>\n\n\n\n<p>SyPil &#8212; SI &#8212; SysOp<\/p>\n\n\n\n<p>Transmission de l&#8217;information introduction<\/p>\n\n\n\n<p>UML<\/p>\n\n\n\n<p>Introduction<\/p>\n\n\n\n<p>UML&nbsp; Partie 1<\/p>\n\n\n\n<p>UML&nbsp; Partie 2<\/p>\n\n\n\n<p>UML&nbsp; Partie 3<\/p>\n\n\n\n<p>UML&nbsp; Partie 4<\/p>\n\n\n\n<p>UML&nbsp; Partie 5<\/p>\n\n\n\n<p>UML&nbsp; Partie 6<\/p>\n\n\n\n<p>Integration<\/p>\n\n\n\n<p>Integration partie 1<\/p>\n\n\n\n<p>Integration partie 2<\/p>\n\n\n\n<p>Integration partie 3<\/p>\n\n\n\n<p>Integration partie 4<\/p>\n\n\n\n<p>Integration partie 5<\/p>\n\n\n\n<p>Integration partie 6<\/p>\n\n\n\n<p>Architecture et services<\/p>\n\n\n\n<p>Architecture et services &nbsp; partie 1<\/p>\n\n\n\n<p>Architecture et services &nbsp; partie 2<\/p>\n\n\n\n<p>Architecture et services &nbsp; partie 3<\/p>\n\n\n\n<p>Architecture et services &nbsp; partie 4<\/p>\n\n\n\n<p>Architecture et services &nbsp; partie 5<\/p>\n\n\n\n<p>Architecture et services &nbsp; partie 6<\/p>\n\n\n\n<p>Architecture et services &nbsp; partie 7<\/p>\n\n\n\n<p>Architecture et services &nbsp; partie 8<\/p>\n\n\n\n<p>Architecture et services &nbsp; partie 9<\/p>\n\n\n\n<p>Architecture et services &nbsp; partie 10<\/p>\n\n\n\n<p>Architecture et services &nbsp; partie 11<\/p>\n\n\n\n<p>Architecture et services &nbsp; partie 12<\/p>\n\n\n\n<p>Architecture et services &nbsp; partie 13<\/p>\n\n\n\n<p>Architecture et services &nbsp; partie 14<\/p>\n\n\n\n<p>Architecture et services &nbsp; partie 15<\/p>\n\n\n\n<p>SGBD<\/p>\n\n\n\n<p>Introduction aux bases de donn\u00e9es<\/p>\n\n\n\n<p>Mod\u00e9lisation des Bases de donn\u00e9es<\/p>\n\n\n\n<p>MCD<\/p>\n\n\n\n<p>MCD suite<\/p>\n\n\n\n<p>MCD suite 2<\/p>\n\n\n\n<p>MLD<\/p>\n\n\n\n<p>MPD<\/p>\n\n\n\n<p>SQL<\/p>\n\n\n\n<p>SQL&nbsp; partie 1<\/p>\n\n\n\n<p>SQL&nbsp; partie 2<\/p>\n\n\n\n<p>SQL&nbsp; partie 3<\/p>\n\n\n\n<p>SQL&nbsp; partie 4<\/p>\n\n\n\n<p>SQL&nbsp; partie 5<\/p>\n\n\n\n<p>SQL&nbsp; partie 6<\/p>\n\n\n\n<p>SQL&nbsp; partie 7<\/p>\n\n\n\n<p>PL &#8211; SQL<\/p>\n\n\n\n<p>PL &#8211; SQL&nbsp; partie 1<\/p>\n\n\n\n<p>PL &#8211; SQL&nbsp; partie 2<\/p>\n\n\n\n<p>PL &#8211; SQL&nbsp; partie 3<\/p>\n\n\n\n<p>PL &#8211; SQL&nbsp; partie 4<\/p>\n\n\n\n<p>PL &#8211; SQL&nbsp; partie 5<\/p>\n\n\n\n<p>PL &#8211; SQL&nbsp; partie 6<\/p>\n\n\n\n<p>PL &#8211; SQL&nbsp; partie 7<\/p>\n\n\n\n<p>PL &#8211; SQL&nbsp; partie 8<\/p>\n\n\n\n<p>Administration de base de donn\u00e9e<\/p>\n\n\n\n<p>Administration de base de donn\u00e9e &nbsp; partie 1<\/p>\n\n\n\n<p>Administration de base de donn\u00e9e &nbsp; partie 2<\/p>\n\n\n\n<p>Administration de base de donn\u00e9e &nbsp; partie 3<\/p>\n\n\n\n<p>Administration de base de donn\u00e9e &nbsp; partie 4<\/p>\n\n\n\n<p>Administration de base de donn\u00e9e &nbsp; partie 5<\/p>\n\n\n\n<p>Reseaux et Internet<\/p>\n\n\n\n<p>Mod\u00e8le OSI<\/p>\n\n\n\n<p>Mod\u00e8le TCP \/ IP<\/p>\n\n\n\n<p>Mat\u00e9riel R\u00e9seau 1<\/p>\n\n\n\n<p>Mat\u00e9riel R\u00e9seau 2<\/p>\n\n\n\n<p>R\u00e9seaux : Fonctionnement :&nbsp; partie 1&nbsp;<\/p>\n\n\n\n<p>R\u00e9seaux : Fonctionnement :&nbsp; partie 2<\/p>\n\n\n\n<p>R\u00e9seaux : Fonctionnement :&nbsp; partie 3<\/p>\n\n\n\n<p>R\u00e9seaux : Fonctionnement :&nbsp; partie 4<\/p>\n\n\n\n<p>R\u00e9seaux : Fonctionnement :&nbsp; partie 5<\/p>\n\n\n\n<p>R\u00e9seaux : Fonctionnement :&nbsp; partie 6<\/p>\n\n\n\n<p>R\u00e9seaux : Fonctionnement :&nbsp; partie 7<\/p>\n\n\n\n<p>R\u00e9seaux : Fonctionnement :&nbsp; partie 8<\/p>\n\n\n\n<p>R\u00e9seaux : Fonctionnement :&nbsp; partie 9<\/p>\n\n\n\n<p>R\u00e9seaux : Fonctionnement :&nbsp; partie 10<\/p>\n\n\n\n<p>R\u00e9seaux : Fonctionnement :&nbsp; partie 11<\/p>\n\n\n\n<p>R\u00e9seaux : Fonctionnement :&nbsp; partie 12<\/p>\n\n\n\n<p>R\u00e9seaux : Fonctionnement :&nbsp; partie 13<\/p>\n\n\n\n<p>R\u00e9seaux : Fonctionnement :&nbsp; partie 14<\/p>\n\n\n\n<p>R\u00e9seaux : Fonctionnement :&nbsp; partie 15<\/p>\n\n\n\n<p>R\u00e9seaux : Fonctionnement :&nbsp; partie 16<\/p>\n\n\n\n<p>S\u00e9curit\u00e9<\/p>\n\n\n\n<p>S\u00e9curit\u00e9&nbsp; partie 1<\/p>\n\n\n\n<p>S\u00e9curit\u00e9&nbsp; partie 2<\/p>\n\n\n\n<p>S\u00e9curit\u00e9&nbsp; partie 3<\/p>\n\n\n\n<p>S\u00e9curit\u00e9&nbsp; partie 4<\/p>\n\n\n\n<p>S\u00e9curit\u00e9&nbsp; partie 5<\/p>\n\n\n\n<p>S\u00e9curit\u00e9&nbsp; partie 6<\/p>\n\n\n\n<p>S\u00e9curit\u00e9&nbsp; partie 7<\/p>\n\n\n\n<p>S\u00e9curit\u00e9&nbsp; partie 8<\/p>\n\n\n\n<p>S\u00e9curit\u00e9&nbsp; partie 9<\/p>\n\n\n\n<p>S\u00e9curit\u00e9&nbsp; partie 10<\/p>\n\n\n\n<p>S\u00e9curit\u00e9&nbsp; partie 11<\/p>\n\n\n\n<p>S\u00e9curit\u00e9&nbsp; partie 12<\/p>\n\n\n\n<p>S\u00e9curit\u00e9&nbsp; partie 13<\/p>\n\n\n\n<p>S\u00e9curit\u00e9&nbsp; partie 14<\/p>\n\n\n\n<p>S\u00e9curit\u00e9&nbsp; partie 15<\/p>\n\n\n\n<p>S\u00e9curit\u00e9&nbsp; partie 16<\/p>\n\n\n\n<p>S\u00e9curit\u00e9&nbsp; partie 17<\/p>\n\n\n\n<p>S\u00e9curit\u00e9&nbsp; partie 18<\/p>\n\n\n\n<p>S\u00e9curit\u00e9&nbsp; partie 19<\/p>\n\n\n\n<p>S\u00e9curit\u00e9&nbsp; partie 20<\/p>\n\n\n\n<p>Data Encryption Standard (DES)<\/p>\n\n\n\n<p>Algorithme RSA<\/p>\n\n\n\n<p>Pretty Good Privacy (PGP)<\/p>\n\n\n\n<p>Business Intelligence BI<\/p>\n\n\n\n<p>BI &nbsp; Partie 1<\/p>\n\n\n\n<p>BI &nbsp; Partie 2<\/p>\n\n\n\n<p>BI &nbsp; Partie 3<\/p>\n\n\n\n<p>BI &nbsp; Partie 4<\/p>\n\n\n\n<p>BI &nbsp; Partie 5<\/p>\n\n\n\n<p>BI &nbsp; Partie 6<\/p>\n\n\n\n<p>BI &nbsp; Partie 7<\/p>\n\n\n\n<p>BI &nbsp; Partie 8<\/p>\n\n\n\n<p>BI &nbsp; Partie 9<\/p>\n\n\n\n<p>BI &nbsp; Partie 10<\/p>\n\n\n\n<p>BI &nbsp; Partie 11<\/p>\n\n\n\n<p>BI &nbsp; Partie 12<\/p>\n\n\n\n<p>BI &nbsp; Partie 13<\/p>\n\n\n\n<p>BI &nbsp; Partie 14<\/p>\n\n\n\n<p>BI &nbsp; Partie 15<\/p>\n\n\n\n<p>BI &nbsp; Partie 16<\/p>\n\n\n\n<p>Internet des Objets<\/p>\n\n\n\n<p>IOT&nbsp; Partie 1<\/p>\n\n\n\n<p>IOT&nbsp; Partie 2<\/p>\n\n\n\n<p>IOT&nbsp; Partie 3<\/p>\n\n\n\n<p>IOT&nbsp; Partie 4<\/p>\n\n\n\n<p>Intelligence artificielle<\/p>\n\n\n\n<p>IA&nbsp; Partie 1<\/p>\n\n\n\n<p>IA&nbsp; Partie 2<\/p>\n\n\n\n<p>IA&nbsp; Partie 3<\/p>\n\n\n\n<p>IA&nbsp; Partie 4<\/p>\n\n\n\n<p class=\"has-text-align-center\"><br><\/p>\n\n\n\n<p>Commander : <\/p>\n\n\n\n<p><\/p>\n\n\n\n<p><\/p>\n\n\n\n<p class=\"has-text-align-center\">[hurrytimer id=&#8221;82&#8243;]<br><\/p>\n","protected":false},"excerpt":{"rendered":"<p>Vaincre l&#8217;analphab\u00e9tisme 2.0 Nouveau : Apprendre l&#8217;ing\u00e9nierie informatique, la conception et le d\u00e9veloppement de logiciels en partant de z\u00e9ro &#8212; m\u00eame si vous \u00eates d\u00e9butant en informatique. &#8220;Avant, je n&#8217;avais pas du tout un profil technique&#8230; Paysagiste, j&#8217;avais peur des ordinateurs&#8230; maintenant, je peux \u00e9crire du code et cr\u00e9er des logiciels et des app!\u201d&nbsp; Module &hellip; <\/p>\n<p><a class=\"more-link btn\" href=\"https:\/\/vitaspicy.com\/francais\/challenge-it-et-is\/\">Continue reading<\/a><\/p>\n","protected":false},"author":1,"featured_media":0,"parent":0,"menu_order":0,"comment_status":"closed","ping_status":"closed","template":"","meta":{"pagelayer_contact_templates":[],"_pagelayer_content":"","footnotes":""},"class_list":["post-883","page","type-page","status-publish","hentry","nodate","item-wrap"],"_links":{"self":[{"href":"https:\/\/vitaspicy.com\/francais\/wp-json\/wp\/v2\/pages\/883","targetHints":{"allow":["GET"]}}],"collection":[{"href":"https:\/\/vitaspicy.com\/francais\/wp-json\/wp\/v2\/pages"}],"about":[{"href":"https:\/\/vitaspicy.com\/francais\/wp-json\/wp\/v2\/types\/page"}],"author":[{"embeddable":true,"href":"https:\/\/vitaspicy.com\/francais\/wp-json\/wp\/v2\/users\/1"}],"replies":[{"embeddable":true,"href":"https:\/\/vitaspicy.com\/francais\/wp-json\/wp\/v2\/comments?post=883"}],"version-history":[{"count":0,"href":"https:\/\/vitaspicy.com\/francais\/wp-json\/wp\/v2\/pages\/883\/revisions"}],"wp:attachment":[{"href":"https:\/\/vitaspicy.com\/francais\/wp-json\/wp\/v2\/media?parent=883"}],"curies":[{"name":"wp","href":"https:\/\/api.w.org\/{rel}","templated":true}]}}