{"id":110,"date":"2025-07-06T03:01:19","date_gmt":"2025-07-06T03:01:19","guid":{"rendered":"https:\/\/www.vitaspicy.com\/francais\/?page_id=110"},"modified":"2026-04-16T15:07:26","modified_gmt":"2026-04-16T15:07:26","slug":"accueil","status":"publish","type":"page","link":"https:\/\/vitaspicy.com\/francais\/","title":{"rendered":"Accueil"},"content":{"rendered":"\n<h3 class=\"wp-block-heading has-text-align-center\"><strong><strong>\u2728<\/strong>VitaSpicy <strong>\ud83c\udf36\ufe0f <\/strong><\/strong> <strong>: Vivre \u2728, Aimer \u2764\ufe0f, R\u00e9ussir \ud83d\udcc8, <\/strong><br><strong>Chansons \ud83c\udfb6, Infos \ud83e\udde0 &amp; Fun \ud83e\udd2a<\/strong><br><strong>\ud83c\udf93 L\u2019universit\u00e9 de la vraie vie \ud83c\udf0d\ud83d\udd25<\/strong><\/h3>\n\n\n\n<p><\/p>\n\n\n\n<p>\ud83c\udf36\ufe0f VitaSpicy, c\u2019est le nouveau m\u00e9dia qui t\u2019apprend ce que l\u2019uni a oubli\u00e9 : vivre, aimer, r\u00e9ussir \ud83d\udca5<br>\ud83c\udf93 Des contenus fun, utiles et inspirants pour reprendre le pouvoir sur ta vie \ud83d\udcaa<br>\ud83c\udf81 Bons plans, formations gratuites, vid\u00e9os, chansons et id\u00e9es qui r\u00e9veillent \ud83e\udde0\ud83c\udfb6<br>\ud83d\udc9b Un concentr\u00e9 d\u2019espoir, de joie et de libert\u00e9 \u00e0 chaque clic \ud83c\udf08<br>\ud83d\udd25 Bienvenue dans l\u2019universit\u00e9 de la vraie vie ! \ud83d\ude80<\/p>\n\n\n\n<p>\ud83d\udc47 D\u00e9couvre tous nos articles ci-dessous !<br>\ud83d\udc49 Clique, lis, explore, partage\u2026 et surtout,&nbsp;<strong>amuse-toi en apprenant<\/strong>&nbsp;\ud83e\udded\ud83c\udf89<\/p>\n\n\n\n<p><a href=\"https:\/\/vitaspicy.com\/francais\/a-propos\/\"><em>Tu peux en savoir plus sur VitaSpicy sur la page &#8220;\u00c0 Propos&#8221; ici <\/em><\/a><\/p>\n\n\n\n<h3 class=\"wp-block-heading\"><br> \ud83d\udc47 Ci-dessous, tu trouveras les articles r\u00e9cents. \ud83d\udc47<\/h3>\n\n\n\n<p><a href=\"https:\/\/vitaspicy.com\/francais\/categories\/\"><em>Tu peux aussi trier par cat\u00e9gories ici.<\/em><\/a><\/p>\n\n\n\n<p><\/p>\n\n\n\n<p><\/p>\n\n\n\n<h2 class=\"wp-block-heading\">Envie de d\u00e9couvrir les prochaines chansons et les prochains articles \u00e0 l&#8217;avance ?<\/h2>\n\n\n\n<h3 class=\"wp-block-heading\">\ud83d\udc49\ud83c\udffb Envie de recevoir chaque mois des cadeaux gratuits ? \ud83c\udd93 \ud83c\udf81<\/h3>\n\n\n\n<h3 class=\"wp-block-heading\"><br><a href=\"https:\/\/fr.vitaspicy.com\/cadeaux?sa=sa02234707093a0151c794af015f8ae3b8d8bdec29&amp;tk=blogvitaspicyfr\" target=\"_blank\" rel=\"noreferrer noopener\">Inscrit toi gratuitement et sans engagement \u00e0 notre newsletter et re\u00e7ois tes cadeaux gratuits <\/a><\/h3>\n\n\n\n<div class=\"wp-block-buttons is-layout-flex wp-block-buttons-is-layout-flex\">\n<div class=\"wp-block-button\"><a class=\"wp-block-button__link wp-element-button\" href=\"https:\/\/fr.vitaspicy.com\/cadeaux?sa=sa02234707093a0151c794af015f8ae3b8d8bdec29&amp;tk=blogvitaspicyfr\" target=\"_blank\" rel=\"noreferrer noopener\">Oui, je veux recevoir les newsletters et recevoir mes cadeaux gratuit maintenant<\/a><\/div>\n<\/div>\n\n\n\n<p><\/p>\n\n\n\n<hr class=\"wp-block-separator has-alpha-channel-opacity\"\/>\n\n\n\n<p><\/p>\n\n\n\n<h2 class=\"wp-block-heading\">D\u00e9couvre nos nouveaux sites maintenant :<\/h2>\n\n\n\n<p><\/p>\n\n\n\n<p><\/p>\n\n\n\n<h2 class=\"wp-block-heading\"><strong><a href=\"https:\/\/syswex.com\">SysWex<\/a> <\/strong>:<\/h2>\n\n\n\n<p><\/p>\n\n\n\n<p><strong><br><strong><a href=\"https:\/\/syswex.com\">SysWex<\/a><\/strong><\/strong> : la nouvelle plateforme tout-en-un la plus simple pour cr\u00e9er des sites web, des blogs, faire de l\u2019emailing, g\u00e9rer un CRM, des tunnels de vente, des formations et ton marketing.<br>Essaye maintenant avec ton compte GRATUIT ! \ud83d\ude80<strong>\u2728<\/strong><\/p>\n\n\n\n<div class=\"wp-block-buttons is-content-justification-center is-layout-flex wp-container-core-buttons-is-layout-16018d1d wp-block-buttons-is-layout-flex\">\n<div class=\"wp-block-button has-custom-width wp-block-button__width-50\"><a class=\"wp-block-button__link has-text-align-center wp-element-button\" href=\"https:\/\/www.syswex.com\/\">Essayez SysWex Maintenant ! (Gratuit)<\/a><\/div>\n<\/div>\n\n\n\n<p><\/p>\n\n\n\n<hr class=\"wp-block-separator has-alpha-channel-opacity\"\/>\n\n\n\n<h2 class=\"wp-block-heading\"><strong><a href=\"https:\/\/masterksillpro.com\">MasterSkillPro<\/a><\/strong> :<\/h2>\n\n\n\n<p><\/p>\n\n\n\n<p><strong><strong><a href=\"https:\/\/masterksillpro.com\">MasterSkillPro<\/a><\/strong>\ud83d\udca1 Des comp\u00e9tences utiles qui changent ta vie \u2728, d\u00e8s maintenant \ud83d\ude80<\/strong><\/p>\n\n\n\n<div class=\"wp-block-buttons is-content-justification-center is-layout-flex wp-container-core-buttons-is-layout-16018d1d wp-block-buttons-is-layout-flex\">\n<div class=\"wp-block-button has-custom-width wp-block-button__width-50\"><a class=\"wp-block-button__link has-text-align-center wp-element-button\" href=\"https:\/\/masterskillpro.com\/fr\">D\u00e9couvrez MasterSkillPro Maintenant (Gratuit)<\/a><\/div>\n<\/div>\n\n\n\n<p><\/p>\n\n\n\n<hr class=\"wp-block-separator has-alpha-channel-opacity\"\/>\n\n\n\n<h2 class=\"wp-block-heading\">RichFamousDream : <\/h2>\n\n\n\n<p><\/p>\n\n\n\n<p><a href=\"https:\/\/richfamousdream.com\/fr\">RichFamousDream<\/a> : D\u00e9couvre des personnes riches \ud83d\udcb0, c\u00e9l\u00e8bres \u2b50 ou insolites \ud83e\udd2f, et inspire-toi de leur parcours \ud83d\udcc8 pour r\u00e9aliser tes r\u00eaves \ud83d\ude80\u2728<\/p>\n\n\n\n<p><\/p>\n\n\n\n<hr class=\"wp-block-separator has-alpha-channel-opacity\"\/>\n\n\n\n<p><\/p>\n","protected":false},"excerpt":{"rendered":"<p>\u2728VitaSpicy \ud83c\udf36\ufe0f : Vivre \u2728, Aimer \u2764\ufe0f, R\u00e9ussir \ud83d\udcc8, Chansons \ud83c\udfb6, Infos \ud83e\udde0 &amp; Fun \ud83e\udd2a\ud83c\udf93 L\u2019universit\u00e9 de la vraie vie \ud83c\udf0d\ud83d\udd25 \ud83c\udf36\ufe0f VitaSpicy, c\u2019est le nouveau m\u00e9dia qui t\u2019apprend ce que l\u2019uni a oubli\u00e9 : vivre, aimer, r\u00e9ussir \ud83d\udca5\ud83c\udf93 Des contenus fun, utiles et inspirants pour reprendre le pouvoir sur ta vie \ud83d\udcaa\ud83c\udf81 Bons &hellip; <\/p>\n<p><a class=\"more-link btn\" href=\"https:\/\/vitaspicy.com\/francais\/\">Continue reading<\/a><\/p>\n","protected":false},"author":1,"featured_media":0,"parent":0,"menu_order":0,"comment_status":"closed","ping_status":"closed","template":"","meta":{"pagelayer_contact_templates":[],"_pagelayer_content":"","footnotes":""},"class_list":["post-110","page","type-page","status-publish","hentry","nodate","item-wrap"],"_links":{"self":[{"href":"https:\/\/vitaspicy.com\/francais\/wp-json\/wp\/v2\/pages\/110","targetHints":{"allow":["GET"]}}],"collection":[{"href":"https:\/\/vitaspicy.com\/francais\/wp-json\/wp\/v2\/pages"}],"about":[{"href":"https:\/\/vitaspicy.com\/francais\/wp-json\/wp\/v2\/types\/page"}],"author":[{"embeddable":true,"href":"https:\/\/vitaspicy.com\/francais\/wp-json\/wp\/v2\/users\/1"}],"replies":[{"embeddable":true,"href":"https:\/\/vitaspicy.com\/francais\/wp-json\/wp\/v2\/comments?post=110"}],"version-history":[{"count":2,"href":"https:\/\/vitaspicy.com\/francais\/wp-json\/wp\/v2\/pages\/110\/revisions"}],"predecessor-version":[{"id":1710,"href":"https:\/\/vitaspicy.com\/francais\/wp-json\/wp\/v2\/pages\/110\/revisions\/1710"}],"wp:attachment":[{"href":"https:\/\/vitaspicy.com\/francais\/wp-json\/wp\/v2\/media?parent=110"}],"curies":[{"name":"wp","href":"https:\/\/api.w.org\/{rel}","templated":true}]}}